{"id":260832,"date":"2022-08-11T09:10:43","date_gmt":"2022-08-11T09:10:43","guid":{"rendered":"https:\/\/energy-bike.fr\/contact\/"},"modified":"2024-12-30T09:35:10","modified_gmt":"2024-12-30T09:35:10","slug":"contact","status":"publish","type":"page","link":"https:\/\/energy-bike.fr\/en\/contact\/","title":{"rendered":"Contact"},"content":{"rendered":"<p>[et_pb_section fb_built=&#8221;1&#8243; admin_label=&#8221;Header&#8221; _builder_version=&#8221;4.16&#8243; _module_preset=&#8221;default&#8221; custom_padding=&#8221;||0px|||&#8221; global_colors_info=&#8221;{}&#8221;][et_pb_row _builder_version=&#8221;4.16&#8243; _module_preset=&#8221;default&#8221; custom_padding=&#8221;1px|||||&#8221; global_colors_info=&#8221;{}&#8221;][et_pb_column type=&#8221;4_4&#8243; _builder_version=&#8221;4.16&#8243; _module_preset=&#8221;default&#8221; global_colors_info=&#8221;{}&#8221;][et_pb_text _builder_version=&#8221;4.17.4&#8243; _module_preset=&#8221;default&#8221; header_font=&#8221;|600|||||||&#8221; header_font_size=&#8221;72px&#8221; header_line_height=&#8221;1.2em&#8221; text_orientation=&#8221;center&#8221; header_font_tablet=&#8221;|600|||||||&#8221; header_font_phone=&#8221;|600|||||||&#8221; header_font_last_edited=&#8221;on|tablet&#8221; header_font_size_tablet=&#8221;62px&#8221; header_font_size_phone=&#8221;62px&#8221; header_font_size_last_edited=&#8221;on|phone&#8221; global_colors_info=&#8221;{}&#8221;]<\/p>\n<h1>Contact Energy Bike<\/h1>\n<p>[\/et_pb_text][et_pb_text _builder_version=&#8221;4.17.4&#8243; _module_preset=&#8221;default&#8221; text_font=&#8221;Outfit||||||||&#8221; text_text_color=&#8221;#000000&#8243; text_orientation=&#8221;center&#8221; max_width=&#8221;700px&#8221; module_alignment=&#8221;center&#8221; text_font_size_tablet=&#8221;16px&#8221; text_font_size_phone=&#8221;14px&#8221; text_font_size_last_edited=&#8221;on|phone&#8221; global_colors_info=&#8221;{}&#8221;]<\/p>\n<p><strong>Any questions?<\/strong> Please contact us using the form below.<\/p>\n<p>[\/et_pb_text][\/et_pb_column][\/et_pb_row][\/et_pb_section][et_pb_section fb_built=&#8221;1&#8243; _builder_version=&#8221;4.17.4&#8243; _module_preset=&#8221;default&#8221; custom_padding=&#8221;6px|||||&#8221; global_colors_info=&#8221;{}&#8221;][et_pb_row column_structure=&#8221;1_4,1_2,1_4&#8243; _builder_version=&#8221;4.17.4&#8243; _module_preset=&#8221;default&#8221; custom_padding=&#8221;0px||0px||true|false&#8221; box_shadow_horizontal_tablet=&#8221;0vw&#8221; box_shadow_horizontal_phone=&#8221;0vw&#8221; box_shadow_horizontal_last_edited=&#8221;on|tablet&#8221; global_colors_info=&#8221;{}&#8221;][et_pb_column type=&#8221;1_4&#8243; _builder_version=&#8221;4.16&#8243; _module_preset=&#8221;default&#8221; global_colors_info=&#8221;{}&#8221;][\/et_pb_column][et_pb_column type=&#8221;1_2&#8243; _builder_version=&#8221;4.16&#8243; _module_preset=&#8221;default&#8221; global_colors_info=&#8221;{}&#8221;][et_pb_text module_class=&#8221;contact-form&#8221; _builder_version=&#8221;4.17.4&#8243; _module_preset=&#8221;default&#8221; custom_margin=&#8221;||26px|||&#8221; global_colors_info=&#8221;{}&#8221;]<\/p>\n\n<div class=\"wpcf7 no-js\" id=\"wpcf7-f259553-o1\" lang=\"fr-FR\" dir=\"ltr\" data-wpcf7-id=\"259553\">\n<div class=\"screen-reader-response\"><p role=\"status\" aria-live=\"polite\" aria-atomic=\"true\"><\/p> <ul><\/ul><\/div>\n<form action=\"\/en\/wp-json\/wp\/v2\/pages\/260832#wpcf7-f259553-o1\" method=\"post\" class=\"wpcf7-form init\" aria-label=\"Formulaire de contact\" novalidate=\"novalidate\" data-status=\"init\">\n<fieldset class=\"hidden-fields-container\"><input type=\"hidden\" name=\"_wpcf7\" value=\"259553\" \/><input type=\"hidden\" name=\"_wpcf7_version\" value=\"6.1.5\" \/><input type=\"hidden\" name=\"_wpcf7_locale\" value=\"fr_FR\" \/><input type=\"hidden\" name=\"_wpcf7_unit_tag\" value=\"wpcf7-f259553-o1\" \/><input type=\"hidden\" name=\"_wpcf7_container_post\" value=\"0\" \/><input type=\"hidden\" name=\"_wpcf7_posted_data_hash\" value=\"\" \/><input type=\"hidden\" name=\"_wpcf7_recaptcha_response\" value=\"\" \/>\n<\/fieldset>\n<div class=\"whole-contact-form\">\n\t<div class=\"one-half\">\n\t\t<p><label><span class=\"wpcf7-form-control-wrap\" data-name=\"email\"><input size=\"40\" maxlength=\"400\" class=\"wpcf7-form-control wpcf7-email wpcf7-validates-as-required wpcf7-text wpcf7-validates-as-email\" aria-required=\"true\" aria-invalid=\"false\" placeholder=\"E-Mail*\" value=\"\" type=\"email\" name=\"email\" \/><\/span><\/label>\n\t\t<\/p>\n\t<\/div>\n\t<div class=\"one-half last\">\n\t\t<p><label><span class=\"wpcf7-form-control-wrap\" data-name=\"tel\"><input size=\"40\" maxlength=\"400\" class=\"wpcf7-form-control wpcf7-text wpcf7-validates-as-required\" aria-required=\"true\" aria-invalid=\"false\" placeholder=\"Num\u00e9ro de t\u00e9l\u00e9phone*\" value=\"\" type=\"text\" name=\"tel\" \/><\/span><\/label>\n\t\t<\/p>\n\t<\/div>\n\t<div class=\"one-half\">\n\t\t<p><label><span class=\"wpcf7-form-control-wrap\" data-name=\"nom\"><input size=\"40\" maxlength=\"400\" class=\"wpcf7-form-control wpcf7-text wpcf7-validates-as-required\" aria-required=\"true\" aria-invalid=\"false\" placeholder=\"Nom*\" value=\"\" type=\"text\" name=\"nom\" \/><\/span><\/label>\n\t\t<\/p>\n\t<\/div>\n\t<div class=\"one-half last\">\n\t\t<p><label><span class=\"wpcf7-form-control-wrap\" data-name=\"Prenom\"><input size=\"40\" maxlength=\"400\" class=\"wpcf7-form-control wpcf7-text wpcf7-validates-as-required\" aria-required=\"true\" aria-invalid=\"false\" placeholder=\"Pr\u00e9nom*\" value=\"\" type=\"text\" name=\"Prenom\" \/><\/span><\/label>\n\t\t<\/p>\n\t<\/div>\n\t<p><label><span class=\"wpcf7-form-control-wrap\" data-name=\"your-message\"><textarea cols=\"40\" rows=\"10\" maxlength=\"2000\" class=\"wpcf7-form-control wpcf7-textarea wpcf7-validates-as-required\" aria-required=\"true\" aria-invalid=\"false\" placeholder=\"Message*\" name=\"your-message\"><\/textarea><\/span><\/label>\n\t<\/p>\n\t<p style=\"font-size: 12px;line-height: 1.7;\">Energy Bike s'engage \u00e0 prot\u00e9ger et \u00e0 respecter votre vie priv\u00e9e. Nous n'utiliserons vos donn\u00e9es personnelles que pour administrer votre compte et vous fournir les produits et services demand\u00e9s\n\t<\/p>\n\t<p style=\"font-size: 12px;line-height: 1.7;\">En cliquant sur \u00ab Envoyer \u00bb ci-dessous, vous autorisez l\u2019entreprise Energy Bike \u00e0 stocker et traiter les donn\u00e9es personnelles soumises ci-dessus afin qu\u2019elle vous fournisse le contenu demand\u00e9.\n\t<\/p>\n\t<p style=\"text-align:center;\"><input class=\"wpcf7-form-control wpcf7-submit has-spinner\" type=\"submit\" value=\"Envoyer\" \/>\n\t<\/p>\n<\/div><p style=\"display: none !important;\" class=\"akismet-fields-container\" data-prefix=\"_wpcf7_ak_\"><label>&#916;<textarea name=\"_wpcf7_ak_hp_textarea\" cols=\"45\" rows=\"8\" maxlength=\"100\"><\/textarea><\/label><input type=\"hidden\" id=\"ak_js_1\" name=\"_wpcf7_ak_js\" value=\"35\"\/><script>document.getElementById( \"ak_js_1\" ).setAttribute( \"value\", ( new Date() ).getTime() );<\/script><\/p><div class=\"wpcf7-response-output\" aria-hidden=\"true\"><\/div>\n<\/form>\n<\/div>\n\n<p>[\/et_pb_text][\/et_pb_column][et_pb_column type=&#8221;1_4&#8243; _builder_version=&#8221;4.16&#8243; _module_preset=&#8221;default&#8221; global_colors_info=&#8221;{}&#8221;][\/et_pb_column][\/et_pb_row][\/et_pb_section][et_pb_section fb_built=&#8221;1&#8243; custom_padding_last_edited=&#8221;off|desktop&#8221; admin_label=&#8221;Layout 35 style&#8221; module_id=&#8221;nos_magasins_section&#8221; _builder_version=&#8221;4.17.4&#8243; custom_margin_tablet=&#8221;&#8221; custom_margin_phone=&#8221;-62px|25px|-79px|25px|false|true&#8221; custom_margin_last_edited=&#8221;on|tablet&#8221; custom_padding=&#8221;0px||0px||true|false&#8221; custom_padding_tablet=&#8221;60px||60px||true|false&#8221; custom_padding_phone=&#8221;50px||50px||true|false&#8221; global_colors_info=&#8221;{}&#8221; theme_builder_area=&#8221;post_content&#8221;][et_pb_row _builder_version=&#8221;4.16&#8243; _module_preset=&#8221;default&#8221; custom_padding=&#8221;||3px|||&#8221; global_colors_info=&#8221;{}&#8221; theme_builder_area=&#8221;post_content&#8221;][et_pb_column type=&#8221;4_4&#8243; _builder_version=&#8221;4.16&#8243; _module_preset=&#8221;default&#8221; global_colors_info=&#8221;{}&#8221; theme_builder_area=&#8221;post_content&#8221;][et_pb_text _builder_version=&#8221;4.17.4&#8243; _module_preset=&#8221;default&#8221; header_2_font=&#8221;Outfit|600|||||||&#8221; header_2_font_size=&#8221;56px&#8221; header_2_line_height=&#8221;1.2em&#8221; custom_padding=&#8221;||16px|||&#8221; header_2_font_size_tablet=&#8221;32px&#8221; header_2_font_size_phone=&#8221;20px&#8221; header_2_font_size_last_edited=&#8221;on|desktop&#8221; global_colors_info=&#8221;{}&#8221; theme_builder_area=&#8221;post_content&#8221;]<\/p>\n<p class=\"title_size_56\">Our stores<\/p>\n<p>[\/et_pb_text][\/et_pb_column][\/et_pb_row][et_pb_row column_structure=&#8221;1_2,1_2&#8243; use_custom_gutter=&#8221;on&#8221; admin_label=&#8221;Layout 35 row&#8221; _builder_version=&#8221;4.17.4&#8243; width=&#8221;100%&#8221; max_width=&#8221;1440px&#8221; module_alignment=&#8221;center&#8221; custom_padding=&#8221;8px||102px||false|false&#8221; global_colors_info=&#8221;{}&#8221; theme_builder_area=&#8221;post_content&#8221;][et_pb_column type=&#8221;1_2&#8243; _builder_version=&#8221;4.16&#8243; global_colors_info=&#8221;{}&#8221; theme_builder_area=&#8221;post_content&#8221;][dnxte_blurb blurb_pre_switch=&#8221;on&#8221; blurb_pre_heading=&#8221;Energy Bike &#8221; blurb_heading=&#8221;Shop in Saint-Tropez&#8221; heading_tag=&#8221;p&#8221; blurb_description=&#8221;<span class=%22dashicons dashicons-location%22><\/span> <span style=%22color: #ffffff;%22>Route du littoral Rd 559 Les Vitrines du soleil 2, 83310 Grimaud<\/span><br \/>\n<span style=%22color: #ffffff;%22><span class=%22dashicons dashicons-phone%22><\/span><a href=%22tel:+33489998273%22 style=%22color: #ffffff;%22>+33 (4) 89 99 82 73<\/a><br \/>\n<span class=%22dashicons dashicons-facebook-alt%22><\/span><a href=%22https:\/\/www.facebook.com\/EnergyBikeGolfeStTropezBikeRental\/%22 style=%22color: #ffffff;%22>electricbikesrental<\/a><\/span><br \/>\n<span style=%22color: #ffffff;%22><span class=%22dashicons dashicons-email-alt%22><\/span> <a href=%22mailto:grimaud@energy-bike.fr%22 style=%22color: #ffffff;%22>grimaud@energy-bike.fr<\/a><\/span>&#8221; dnxt_image=&#8221;https:\/\/energy-bike.fr\/wp-content\/uploads\/2024\/12\/le-shop-saint-tropez-2.jpg&#8221; image_placement=&#8221;left-center&#8221; dnxt_content_max_width=&#8221;680px&#8221; dnxt_body_margin=&#8221;|||-50px|false|false&#8221; dnxt_body_padding=&#8221;40px|30px|40px|40px|true|false&#8221; dnxt_button_margin=&#8221;30px||||false|false&#8221; dnxt_button_padding=&#8221;4px|20px|4px|20px|true|true&#8221; dnxt_btn_show_hide=&#8221;on&#8221; button_text=&#8221;Book&#8221; button_link=&#8221;https:\/\/energy-bike-grimaud.lokki.rent\/&#8221; button_link_new_window=&#8221;on&#8221; content_bg_show_hide=&#8221;on&#8221; content_bg=&#8221;#333333&#8243; btn_icon=&#8221;&#x3d;||divi||400&#8243; btn_icon_color=&#8221;#ffffff&#8221; blurb_hover_switch=&#8221;on&#8221; dnxt_hover_effect=&#8221;dnxt-hover-wobble-to-top-right&#8221; img_zindex=&#8221;-1&#8243; dnxt_image_tablet=&#8221;https:\/\/energy-bike.fr\/wp-content\/uploads\/2024\/12\/le-shop-saint-tropez-2.jpg&#8221; dnxt_image_phone=&#8221;https:\/\/energy-bike.fr\/wp-content\/uploads\/2024\/12\/le-shop-saint-tropez-2.jpg&#8221; dnxt_image_last_edited=&#8221;on|phone&#8221; _builder_version=&#8221;4.23.1&#8243; _module_preset=&#8221;default&#8221; dnxt_pre_header_font=&#8221;Poppins||||||||&#8221; dnxt_pre_header_text_color=&#8221;#ffffff&#8221; dnxt_pre_header_font_size=&#8221;14px&#8221; dnxt_heading_font=&#8221;Poppins|600|||||||&#8221; dnxt_heading_text_color=&#8221;#ffffff&#8221; dnxt_heading_font_size=&#8221;24px&#8221; dnxt_heading_line_height=&#8221;1.4em&#8221; dnxt_post_heading_font=&#8221;Poppins||||||||&#8221; dnxt_post_heading_text_color=&#8221;#ffffff&#8221; dnxt_post_heading_font_size=&#8221;12px&#8221; dnxt_body_font=&#8221;Poppins|300|||||||&#8221; dnxt_body_text_color=&#8221;#ffffff&#8221; dnxt_body_font_size=&#8221;15px&#8221; dnxt_body_line_height=&#8221;2.2em&#8221; dnxt_btn_text_font=&#8221;Poppins||||||||&#8221; dnxt_btn_text_text_color=&#8221;#ffffff&#8221; dnxt_btn_text_font_size=&#8221;15px&#8221; max_width=&#8221;100%&#8221; custom_css_pre_heading_wrapper=&#8221;min-width:255px;&#8221; border_radii_dnxt_img_borders=&#8221;on|0px|0px|0px|0px&#8221; border_color_all_dnxt_img_borders=&#8221;#ffffff&#8221; border_radii_dnxt_body_borders=&#8221;off|0px|10px|10px|0px&#8221; border_radii_dnxt_button_borders=&#8221;on|6px|6px|6px|6px&#8221; global_colors_info=&#8221;{}&#8221; theme_builder_area=&#8221;post_content&#8221;][\/dnxte_blurb][\/et_pb_column][et_pb_column type=&#8221;1_2&#8243; _builder_version=&#8221;4.16&#8243; global_colors_info=&#8221;{}&#8221; theme_builder_area=&#8221;post_content&#8221;][dnxte_blurb blurb_pre_switch=&#8221;on&#8221; blurb_pre_heading=&#8221;Energy Bike &#8221; blurb_heading=&#8221;Shop in Sainte-Maxime&#8221; heading_tag=&#8221;p&#8221; blurb_description=&#8221;<\/p>\n<p><span class=%22dashicons dashicons-location%22><\/span> <span style=%22color: #ffffff;%22> Location V\u00e9lo Uniquement avec Livraison (pas d\u2019accueil client)<\/span><br \/><span style=%22color: #ffffff;%22><span class=%22dashicons dashicons-phone%22><\/span><a href=%22tel:+33489998273%22 style=%22color: #ffffff;%22>+33 (4) 89 99 82 73<\/a><br \/><span class=%22dashicons dashicons-facebook-alt%22><\/span><a href=%22https:\/\/www.facebook.com\/EnergyBikeGolfeStTropezBikeRental\/%22 style=%22color: #ffffff;%22>electricbikesrental<\/a><\/span><br \/><span style=%22color: #ffffff;%22><span class=%22dashicons dashicons-email-alt%22><\/span> <a href=%22mailto:stemaxime@energy-bike.fr%22 style=%22color: #ffffff;%22>stemaxime@energy-bike.fr<\/a><\/span><\/p>\n<p>&#8221; dnxt_image=&#8221;https:\/\/energy-bike.fr\/wp-content\/uploads\/2024\/12\/location-de-velo-a-sainte-maxine-1.jpg&#8221; image_placement=&#8221;left-center&#8221; dnxt_content_max_width=&#8221;680px&#8221; dnxt_body_margin=&#8221;|||-50px|false|false&#8221; dnxt_body_padding=&#8221;40px|30px|40px|40px|true|false&#8221; dnxt_button_margin=&#8221;30px||||false|false&#8221; dnxt_button_padding=&#8221;4px|20px|4px|20px|true|true&#8221; dnxt_btn_show_hide=&#8221;on&#8221; button_text=&#8221;Book&#8221; button_link=&#8221;https:\/\/energy-bike-sainte-maxime.lokki.rent\/&#8221; button_link_new_window=&#8221;on&#8221; content_bg_show_hide=&#8221;on&#8221; content_bg=&#8221;#0f98d2&#8243; btn_icon=&#8221;&#x3d;||divi||400&#8243; btn_icon_color=&#8221;#ffffff&#8221; blurb_hover_switch=&#8221;on&#8221; dnxt_hover_effect=&#8221;dnxt-hover-wobble-to-top-right&#8221; img_zindex=&#8221;-1&#8243; _builder_version=&#8221;4.23.1&#8243; _module_preset=&#8221;default&#8221; dnxt_pre_header_font=&#8221;Poppins||||||||&#8221; dnxt_pre_header_text_color=&#8221;#ffffff&#8221; dnxt_pre_header_font_size=&#8221;14px&#8221; dnxt_heading_font=&#8221;Poppins|600|||||||&#8221; dnxt_heading_text_color=&#8221;#ffffff&#8221; dnxt_heading_font_size=&#8221;24px&#8221; dnxt_heading_line_height=&#8221;1.4em&#8221; dnxt_post_heading_font=&#8221;Poppins||||||||&#8221; dnxt_post_heading_text_color=&#8221;#ffffff&#8221; dnxt_post_heading_font_size=&#8221;12px&#8221; dnxt_body_font=&#8221;Poppins|300|||||||&#8221; dnxt_body_text_color=&#8221;#ffffff&#8221; dnxt_body_font_size=&#8221;15px&#8221; dnxt_body_line_height=&#8221;2.2em&#8221; dnxt_btn_text_font=&#8221;Poppins||||||||&#8221; dnxt_btn_text_text_color=&#8221;#ffffff&#8221; dnxt_btn_text_font_size=&#8221;15px&#8221; max_width=&#8221;100%&#8221; custom_css_pre_heading_wrapper=&#8221;min-width:255px;&#8221; border_radii_dnxt_img_borders=&#8221;on|0px|0px|0px|0px&#8221; border_color_all_dnxt_img_borders=&#8221;#ffffff&#8221; border_radii_dnxt_body_borders=&#8221;off|0px|10px|10px|0px&#8221; border_radii_dnxt_button_borders=&#8221;on|6px|6px|6px|6px&#8221; global_colors_info=&#8221;{}&#8221; theme_builder_area=&#8221;post_content&#8221;][\/dnxte_blurb][\/et_pb_column][\/et_pb_row][\/et_pb_section]<\/p>\n","protected":false},"excerpt":{"rendered":"<p>Contact Energy BikeAny questions? Please contact us using the form below.\n<div class=\"wpcf7 no-js\" id=\"wpcf7-f259553-o2\" lang=\"fr-FR\" dir=\"ltr\" data-wpcf7-id=\"259553\">\n<div class=\"screen-reader-response\"><p role=\"status\" aria-live=\"polite\" aria-atomic=\"true\"><\/p> <ul><\/ul><\/div>\n<form action=\"\/en\/wp-json\/wp\/v2\/pages\/260832#wpcf7-f259553-o2\" method=\"post\" class=\"wpcf7-form init\" aria-label=\"Formulaire de contact\" novalidate=\"novalidate\" data-status=\"init\">\n<fieldset class=\"hidden-fields-container\"><input type=\"hidden\" name=\"_wpcf7\" value=\"259553\" \/><input type=\"hidden\" name=\"_wpcf7_version\" value=\"6.1.5\" \/><input type=\"hidden\" name=\"_wpcf7_locale\" value=\"fr_FR\" \/><input type=\"hidden\" name=\"_wpcf7_unit_tag\" value=\"wpcf7-f259553-o2\" \/><input type=\"hidden\" name=\"_wpcf7_container_post\" value=\"0\" \/><input type=\"hidden\" name=\"_wpcf7_posted_data_hash\" value=\"\" \/><input type=\"hidden\" name=\"_wpcf7_recaptcha_response\" value=\"\" \/>\n<\/fieldset>\n<div class=\"whole-contact-form\">\n\t<div class=\"one-half\">\n\t\t<p><label><span class=\"wpcf7-form-control-wrap\" data-name=\"email\"><input size=\"40\" maxlength=\"400\" class=\"wpcf7-form-control wpcf7-email wpcf7-validates-as-required wpcf7-text wpcf7-validates-as-email\" aria-required=\"true\" aria-invalid=\"false\" placeholder=\"E-Mail*\" value=\"\" type=\"email\" name=\"email\" \/><\/span><\/label>\n\t\t<\/p>\n\t<\/div>\n\t<div class=\"one-half last\">\n\t\t<p><label><span class=\"wpcf7-form-control-wrap\" data-name=\"tel\"><input size=\"40\" maxlength=\"400\" class=\"wpcf7-form-control wpcf7-text wpcf7-validates-as-required\" aria-required=\"true\" aria-invalid=\"false\" placeholder=\"Num\u00e9ro de t\u00e9l\u00e9phone*\" value=\"\" type=\"text\" name=\"tel\" \/><\/span><\/label>\n\t\t<\/p>\n\t<\/div>\n\t<div class=\"one-half\">\n\t\t<p><label><span class=\"wpcf7-form-control-wrap\" data-name=\"nom\"><input size=\"40\" maxlength=\"400\" class=\"wpcf7-form-control wpcf7-text wpcf7-validates-as-required\" aria-required=\"true\" aria-invalid=\"false\" placeholder=\"Nom*\" value=\"\" type=\"text\" name=\"nom\" \/><\/span><\/label>\n\t\t<\/p>\n\t<\/div>\n\t<div class=\"one-half last\">\n\t\t<p><label><span class=\"wpcf7-form-control-wrap\" data-name=\"Prenom\"><input size=\"40\" maxlength=\"400\" class=\"wpcf7-form-control wpcf7-text wpcf7-validates-as-required\" aria-required=\"true\" aria-invalid=\"false\" placeholder=\"Pr\u00e9nom*\" value=\"\" type=\"text\" name=\"Prenom\" \/><\/span><\/label>\n\t\t<\/p>\n\t<\/div>\n\t<p><label><span class=\"wpcf7-form-control-wrap\" data-name=\"your-message\"><textarea cols=\"40\" rows=\"10\" maxlength=\"2000\" class=\"wpcf7-form-control wpcf7-textarea wpcf7-validates-as-required\" aria-required=\"true\" aria-invalid=\"false\" placeholder=\"Message*\" name=\"your-message\"><\/textarea><\/span><\/label>\n\t<\/p>\n\t<p style=\"font-size: 12px;line-height: 1.7;\">Energy Bike s'engage \u00e0 prot\u00e9ger et \u00e0 respecter votre vie priv\u00e9e. Nous n'utiliserons vos donn\u00e9es personnelles que pour administrer votre compte et vous fournir les produits et services demand\u00e9s\n\t<\/p>\n\t<p style=\"font-size: 12px;line-height: 1.7;\">En cliquant sur \u00ab Envoyer \u00bb ci-dessous, vous autorisez l\u2019entreprise Energy Bike \u00e0 stocker et traiter les donn\u00e9es personnelles soumises ci-dessus afin qu\u2019elle vous fournisse le contenu demand\u00e9.\n\t<\/p>\n\t<p style=\"text-align:center;\"><input class=\"wpcf7-form-control wpcf7-submit has-spinner\" type=\"submit\" value=\"Envoyer\" \/>\n\t<\/p>\n<\/div><p style=\"display: none !important;\" class=\"akismet-fields-container\" data-prefix=\"_wpcf7_ak_\"><label>&#916;<textarea name=\"_wpcf7_ak_hp_textarea\" cols=\"45\" rows=\"8\" maxlength=\"100\"><\/textarea><\/label><input type=\"hidden\" id=\"ak_js_2\" name=\"_wpcf7_ak_js\" value=\"167\"\/><script>document.getElementById( \"ak_js_2\" ).setAttribute( \"value\", ( new Date() ).getTime() );<\/script><\/p><div class=\"wpcf7-response-output\" aria-hidden=\"true\"><\/div>\n<\/form>\n<\/div>\nOur stores<div class=\"et_pb_module dnxte_blurb dnxte_blurb_0\">\n\t\t\t\t\n\t\t\t\t\n\t\t\t\t\n\t\t\t\t\n\t\t\t\t\n\t\t\t\t\n\t\t\t\t<div class=\"et_pb_module_inner\">\n\t\t\t\t\t<div class=\"dnxt-blurb-wrapper-outer \"    >\r\n\t\t\t\t<div class=\"dnxt-blurb-wrapper dnxt-blurb-wrapper-one_image_placement_&#8221;left-center&#8221;\">\r\n\t\t\t\t\t<div class=\"dnxt-blurb-image dnxt-blurb-image_image_placement_&#8221;left-center&#8221;\" data-svg-shape=\"\" data-shape-size=\"contain\" data-use-upload=\"off\" data-uploaded-mask=\"\"><img decoding=\"async\" src=\"\" alt=\"\" class=\"et_multi_view_hidden_image img-fluid\" \/><\/div>\r\n\t\t\t\t\t<div class=\"\">\r\n\t\t\t\t\t\t\r\n\t\t\t\t\t\t<div class=\"dnxt-blurb-container\">\r\n\t\t\t\t\t\t\t<div class=\"dnxt-blurb-heading-wrapper\">\r\n\t\t\t\t\t\t\t\t\r\n\t\t\t\t\t\t\t\t<&#8221;p&#8221; class=\"dnxt-blurb-heading\">&#8221;Shop<\/&#8221;p&#8221;>\r\n\t\t\t\t\t\t\t\t\r\n\t\t\t\t\t\t\t<\/div>\r\n\t\t\t\t\t\t\t<div class=\"dnxt-blurb-description\">&#8221;<\/div>\n\r\n\t\t\t\t\t\t\t<div class=\"dnxt-button-wrapper\"><a href=\"\" class=\"dnxt-blurb-btn dnxt-btn-icon       \" target=\"\">&#8221;Book&#8221;<i class=\"et-pb-icon\">$<\/i><\/a><\/div>\r\n\t\t\t\t\t\t<\/div>\r\n\t\t\t\t\t<\/div>\r\n\t\t\t\t<\/div>\r\n\t\t\t<\/div>\n\t\t\t\t<\/div>\n\t\t\t<\/div><\/p>\n","protected":false},"author":1,"featured_media":0,"parent":0,"menu_order":0,"comment_status":"closed","ping_status":"closed","template":"","meta":{"_et_pb_use_builder":"on","_et_pb_old_content":"","_et_gb_content_width":"","footnotes":""},"class_list":["post-260832","page","type-page","status-publish","hentry"],"_links":{"self":[{"href":"https:\/\/energy-bike.fr\/en\/wp-json\/wp\/v2\/pages\/260832","targetHints":{"allow":["GET"]}}],"collection":[{"href":"https:\/\/energy-bike.fr\/en\/wp-json\/wp\/v2\/pages"}],"about":[{"href":"https:\/\/energy-bike.fr\/en\/wp-json\/wp\/v2\/types\/page"}],"author":[{"embeddable":true,"href":"https:\/\/energy-bike.fr\/en\/wp-json\/wp\/v2\/users\/1"}],"replies":[{"embeddable":true,"href":"https:\/\/energy-bike.fr\/en\/wp-json\/wp\/v2\/comments?post=260832"}],"version-history":[{"count":0,"href":"https:\/\/energy-bike.fr\/en\/wp-json\/wp\/v2\/pages\/260832\/revisions"}],"wp:attachment":[{"href":"https:\/\/energy-bike.fr\/en\/wp-json\/wp\/v2\/media?parent=260832"}],"curies":[{"name":"wp","href":"https:\/\/api.w.org\/{rel}","templated":true}]}}